{"id":1527,"date":"2021-03-15T13:38:46","date_gmt":"2021-03-15T17:38:46","guid":{"rendered":"https:\/\/securifort.com\/?page_id=1527"},"modified":"2026-01-29T13:11:23","modified_gmt":"2026-01-29T18:11:23","slug":"securifort","status":"publish","type":"page","link":"https:\/\/dev.securifort.com\/en\/","title":{"rendered":"S\u00e9curifort"},"content":{"rendered":"<section id=\"block-697ba2c9f1830\" class=\"block header-home\" data-watch>\n\t<div class=\"container\">\n\n\t\t<div class=\"header-home-background\"><div class=\"image image--fill \">\n\t\t\t\t<div class=\"frame\">\n\t\t\t\t\t<picture>\n\t\t\t\t\t\t<source srcset=\"https:\/\/dev.securifort.com\/app\/uploads\/2021\/03\/Header_Home_Background.webp\" type=\"image\/webp\"\/>\n\t\t\t\t\t\t<img decoding=\"async\" src=\"https:\/\/dev.securifort.com\/app\/uploads\/2021\/03\/Header_Home_Background.webp\">\n\t\t\t\t\t<\/picture>\n\t\t\t\t<\/div>\n\t\t\t<\/div><\/div>\n\t\t<div class=\"header-home-foreground\">\n\n\t\t\t<div class=\"header-home-main\">\n\n\t\t\t\t<div class=\"header-home-head\">\n\t\t\t\t    <video class=\"header-home-image\" autoplay=\"\" loop=\"\" playsinline=\"\" muted style=\"width: 100%; height: auto;\"><source src=\"https:\/\/centralio-storage-app.s3.us-east-1.amazonaws.com\/storage\/da77811bde3211ecabfc1630172638c7\/medias\/securifort-centralio.mp4\">Your browser does not support the video tag<\/video>\n\t\t\t\t    <!---->\n\t\t\t\t<\/div>\n\t\t\t\t<div class=\"header-home-body\">\n\n\t\t\t\t\t<div class=\"header-home-content wysiwyg light\" data-break-lines=\"h1,h2,h3\">\n\t\t\t\t\t\t<h1>WE SECURE<\/h1>\n<p>WHAT MATTERS MOST TO YOU<\/p>\n<p>With its wide range of safes, deposits, vaults, and custom security solutions, S\u00e9curifort helps you reduce threats and prevent disasters.<\/p>\n\n\t\t\t\t\t<\/div>\n\n\t\t\t\t\t<div class=\"header-home-footing\">\n\n\t\t\t\t\t\t<div class=\"header-home-feature-list\">\n\n\t\t\t\t\t\t\t\n\t\t\t\t\t\t\t\t<div class=\"header-home-feature-item\">\n\t\t\t\t\t\t\t\t\t<div class=\"header-home-feature-picto\"><div class=\"image image--fit \">\n\t\t\t\t<div class=\"frame\">\n\t\t\t\t\t<picture>\n\t\t\t\t\t\t<source srcset=\"https:\/\/dev.securifort.com\/app\/uploads\/2021\/03\/Icon_Cash.svg\" type=\"image\/svg\"\/>\n\t\t\t\t\t\t<img decoding=\"async\" src=\"https:\/\/dev.securifort.com\/app\/uploads\/2021\/03\/Icon_Cash.svg\">\n\t\t\t\t\t<\/picture>\n\t\t\t\t<\/div>\n\t\t\t<\/div><\/div>\n\t\t\t\t\t\t\t\t\t<div class=\"header-home-feature-title\">\n\t\t\t\t\t\t\t\t\t\tMoney\n\t\t\t\t\t\t\t\t\t<\/div>\n\t\t\t\t\t\t\t\t<\/div>\n\n\t\t\t\t\t\t\t\n\t\t\t\t\t\t\t\t<div class=\"header-home-feature-item\">\n\t\t\t\t\t\t\t\t\t<div class=\"header-home-feature-picto\"><div class=\"image image--fit \">\n\t\t\t\t<div class=\"frame\">\n\t\t\t\t\t<picture>\n\t\t\t\t\t\t<source srcset=\"https:\/\/dev.securifort.com\/app\/uploads\/2021\/03\/Icon_Electronics.svg\" type=\"image\/svg\"\/>\n\t\t\t\t\t\t<img decoding=\"async\" src=\"https:\/\/dev.securifort.com\/app\/uploads\/2021\/03\/Icon_Electronics.svg\">\n\t\t\t\t\t<\/picture>\n\t\t\t\t<\/div>\n\t\t\t<\/div><\/div>\n\t\t\t\t\t\t\t\t\t<div class=\"header-home-feature-title\">\n\t\t\t\t\t\t\t\t\t\tElectronics\n\t\t\t\t\t\t\t\t\t<\/div>\n\t\t\t\t\t\t\t\t<\/div>\n\n\t\t\t\t\t\t\t\n\t\t\t\t\t\t\t\t<div class=\"header-home-feature-item\">\n\t\t\t\t\t\t\t\t\t<div class=\"header-home-feature-picto\"><div class=\"image image--fit \">\n\t\t\t\t<div class=\"frame\">\n\t\t\t\t\t<picture>\n\t\t\t\t\t\t<source srcset=\"https:\/\/dev.securifort.com\/app\/uploads\/2021\/03\/Icon_Documents.svg\" type=\"image\/svg\"\/>\n\t\t\t\t\t\t<img decoding=\"async\" src=\"https:\/\/dev.securifort.com\/app\/uploads\/2021\/03\/Icon_Documents.svg\">\n\t\t\t\t\t<\/picture>\n\t\t\t\t<\/div>\n\t\t\t<\/div><\/div>\n\t\t\t\t\t\t\t\t\t<div class=\"header-home-feature-title\">\n\t\t\t\t\t\t\t\t\t\tDocuments\n\t\t\t\t\t\t\t\t\t<\/div>\n\t\t\t\t\t\t\t\t<\/div>\n\n\t\t\t\t\t\t\t\n\t\t\t\t\t\t\t\t<div class=\"header-home-feature-item\">\n\t\t\t\t\t\t\t\t\t<div class=\"header-home-feature-picto\"><div class=\"image image--fit \">\n\t\t\t\t<div class=\"frame\">\n\t\t\t\t\t<picture>\n\t\t\t\t\t\t<source srcset=\"https:\/\/dev.securifort.com\/app\/uploads\/2021\/03\/Icon_Medecines.svg\" type=\"image\/svg\"\/>\n\t\t\t\t\t\t<img decoding=\"async\" src=\"https:\/\/dev.securifort.com\/app\/uploads\/2021\/03\/Icon_Medecines.svg\">\n\t\t\t\t\t<\/picture>\n\t\t\t\t<\/div>\n\t\t\t<\/div><\/div>\n\t\t\t\t\t\t\t\t\t<div class=\"header-home-feature-title\">\n\t\t\t\t\t\t\t\t\t\tDrugs\n\t\t\t\t\t\t\t\t\t<\/div>\n\t\t\t\t\t\t\t\t<\/div>\n\n\t\t\t\t\t\t\t\n\t\t\t\t\t\t\t\t<div class=\"header-home-feature-item\">\n\t\t\t\t\t\t\t\t\t<div class=\"header-home-feature-picto\"><div class=\"image image--fit \">\n\t\t\t\t<div class=\"frame\">\n\t\t\t\t\t<picture>\n\t\t\t\t\t\t<source srcset=\"https:\/\/dev.securifort.com\/app\/uploads\/2021\/03\/Icon_Valuables.svg\" type=\"image\/svg\"\/>\n\t\t\t\t\t\t<img decoding=\"async\" src=\"https:\/\/dev.securifort.com\/app\/uploads\/2021\/03\/Icon_Valuables.svg\">\n\t\t\t\t\t<\/picture>\n\t\t\t\t<\/div>\n\t\t\t<\/div><\/div>\n\t\t\t\t\t\t\t\t\t<div class=\"header-home-feature-title\">\n\t\t\t\t\t\t\t\t\t\tValuables\n\t\t\t\t\t\t\t\t\t<\/div>\n\t\t\t\t\t\t\t\t<\/div>\n\n\t\t\t\t\t\t\t\n\t\t\t\t\t\t\t\t<div class=\"header-home-feature-item\">\n\t\t\t\t\t\t\t\t\t<div class=\"header-home-feature-picto\"><div class=\"image image--fit \">\n\t\t\t\t<div class=\"frame\">\n\t\t\t\t\t<picture>\n\t\t\t\t\t\t<source srcset=\"https:\/\/dev.securifort.com\/app\/uploads\/2021\/03\/Icon_Guns.svg\" type=\"image\/svg\"\/>\n\t\t\t\t\t\t<img decoding=\"async\" src=\"https:\/\/dev.securifort.com\/app\/uploads\/2021\/03\/Icon_Guns.svg\">\n\t\t\t\t\t<\/picture>\n\t\t\t\t<\/div>\n\t\t\t<\/div><\/div>\n\t\t\t\t\t\t\t\t\t<div class=\"header-home-feature-title\">\n\t\t\t\t\t\t\t\t\t\tGuns\n\t\t\t\t\t\t\t\t\t<\/div>\n\t\t\t\t\t\t\t\t<\/div>\n\n\t\t\t\t\t\t\t\n\t\t\t\t\t\t<\/div>\n\n\t\t\t\t\t<\/div>\n\n\t\t\t\t<\/div>\n\n\t\t\t<\/div>\n\n\t\t<\/div>\n\n\t<\/div>\n<\/section>\n\n<section id=\"block-697ba2c9f1859\" class=\"block product-category-list\" data-watch>\n\t<div class=\"container\">\n\t\t<div class=\"product-category-list-content\">\n\t\t\t<div class=\"block product-category-item\" data-watch>\n\n\t\t\t<div class=\"product-category-item-head\"><div class=\"image image--fit product-category-item-image\">\n\t\t\t\t<div class=\"frame\">\n\t\t\t\t\t<picture>\n\t\t\t\t\t\t<source srcset=\"https:\/\/dev.securifort.com\/app\/uploads\/2024\/10\/Securifort-CoffreFort-CompositeSafe_TL30-Composite-Facade-480x0-c-default.webp\" type=\"image\/webp\"\/>\n\t\t\t\t\t\t<img decoding=\"async\" src=\"https:\/\/dev.securifort.com\/app\/uploads\/2024\/10\/Securifort-CoffreFort-CompositeSafe_TL30-Composite-Facade-480x0-c-default.webp\">\n\t\t\t\t\t<\/picture>\n\t\t\t\t<\/div>\n\t\t\t<\/div><\/div>\n\t\n\t<div class=\"product-category-item-body\">\n\t\t<div class=\"product-category-item-heading wysiwyg\"><h3>Safes<\/h3><\/div>\n\t\t<div class=\"product-category-item-content wysiwyg\">\n\t\t\t<ul>\n<li><a href=\"https:\/\/dev.securifort.com\/en\/produits\/?by=category&amp;of=ul-certified\">UL Certified<\/a><\/li>\n<li><a href=\"https:\/\/dev.securifort.com\/en\/produits\/?by=category&amp;of=non-certified\">Non-certified<\/a><\/li>\n<li><a href=\"https:\/\/dev.securifort.com\/en\/produits\/?by=category&amp;of=accessories\">Accessories<\/a><\/li>\n<\/ul>\n\n\t\t<\/div>\n\t<\/div>\n\n<\/div><div class=\"block product-category-item\" data-watch>\n\n\t\t\t<div class=\"product-category-item-head\"><div class=\"image image--fit product-category-item-image\">\n\t\t\t\t<div class=\"frame\">\n\t\t\t\t\t<picture>\n\t\t\t\t\t\t<source srcset=\"https:\/\/dev.securifort.com\/app\/uploads\/2024\/10\/Securifort-Depot-Nuit_Facade-480x0-c-default.webp\" type=\"image\/webp\"\/>\n\t\t\t\t\t\t<img decoding=\"async\" src=\"https:\/\/dev.securifort.com\/app\/uploads\/2024\/10\/Securifort-Depot-Nuit_Facade-480x0-c-default.webp\">\n\t\t\t\t\t<\/picture>\n\t\t\t\t<\/div>\n\t\t\t<\/div><\/div>\n\t\n\t<div class=\"product-category-item-body\">\n\t\t<div class=\"product-category-item-heading wysiwyg\"><h3>Deposits<\/h3><\/div>\n\t\t<div class=\"product-category-item-content wysiwyg\">\n\t\t\t<ul>\n<li><a href=\"https:\/\/dev.securifort.com\/en\/produits\/?by=category&amp;of=night-deposit\">Night depository<\/a><\/li>\n<\/ul>\n\n\t\t<\/div>\n\t<\/div>\n\n<\/div><div class=\"block product-category-item\" data-watch>\n\n\t\t\t<div class=\"product-category-item-head\"><div class=\"image image--fit product-category-item-image\">\n\t\t\t\t<div class=\"frame\">\n\t\t\t\t\t<picture>\n\t\t\t\t\t\t<source srcset=\"https:\/\/dev.securifort.com\/app\/uploads\/2024\/10\/Securifort-Voute-Porte-Feu_Facade-2-480x0-c-default.webp\" type=\"image\/webp\"\/>\n\t\t\t\t\t\t<img decoding=\"async\" src=\"https:\/\/dev.securifort.com\/app\/uploads\/2024\/10\/Securifort-Voute-Porte-Feu_Facade-2-480x0-c-default.webp\">\n\t\t\t\t\t<\/picture>\n\t\t\t\t<\/div>\n\t\t\t<\/div><\/div>\n\t\n\t<div class=\"product-category-item-body\">\n\t\t<div class=\"product-category-item-heading wysiwyg\"><h3>Vaults<\/h3><\/div>\n\t\t<div class=\"product-category-item-content wysiwyg\">\n\t\t\t<ul>\n<li><a href=\"https:\/\/dev.securifort.com\/produits\/?by=category&amp;of=vaults\">Modular vaults<\/a><\/li>\n<\/ul>\n\n\t\t<\/div>\n\t<\/div>\n\n<\/div><div class=\"block product-category-item\" data-watch>\n\n\t\t\t<div class=\"product-category-item-head\"><div class=\"image image--fit product-category-item-image\">\n\t\t\t\t<div class=\"frame\">\n\t\t\t\t\t<picture>\n\t\t\t\t\t\t<source srcset=\"https:\/\/dev.securifort.com\/app\/uploads\/2025\/01\/GUN-SAFE-scaled.jpg\" type=\"image\/jpeg\"\/>\n\t\t\t\t\t\t<img decoding=\"async\" src=\"https:\/\/dev.securifort.com\/app\/uploads\/2025\/01\/GUN-SAFE-scaled.jpg\">\n\t\t\t\t\t<\/picture>\n\t\t\t\t<\/div>\n\t\t\t<\/div><\/div>\n\t\n\t<div class=\"product-category-item-body\">\n\t\t<div class=\"product-category-item-heading wysiwyg\"><h3>Custom made<\/h3><\/div>\n\t\t<div class=\"product-category-item-content wysiwyg\">\n\t\t\t<ul>\n<li><a href=\"https:\/\/dev.securifort.com\/produits\/?by=category&amp;of=custom-made\">Custom made<\/a><\/li>\n<\/ul>\n\n\t\t<\/div>\n\t<\/div>\n\n<\/div>\n\t\t<\/div>\n\t<\/div>\n<\/section>\n\n<section id=\"block-697ba2c9f1883\" class=\"block text-aside text-aside--natural\" data-watch>\n\t<div class=\"container\">\n\t\t<div class=\"text-aside-main\">\n\t\t\t<div class=\"text-aside-head\"><div class=\"image image--fill text-aside-image\">\n\t\t\t\t<div class=\"frame\">\n\t\t\t\t\t<picture>\n\t\t\t\t\t\t<source srcset=\"https:\/\/dev.securifort.com\/app\/uploads\/2024\/10\/securifort_facade-960x0-c-default.webp\" type=\"image\/webp\"\/>\n\t\t\t\t\t\t<img decoding=\"async\" src=\"https:\/\/dev.securifort.com\/app\/uploads\/2024\/10\/securifort_facade-960x0-c-default.webp\">\n\t\t\t\t\t<\/picture>\n\t\t\t\t<\/div>\n\t\t\t<\/div><\/div>\n\t\t\t<div class=\"text-aside-body\">\n\t\t\t\t<div class=\"text-aside-content wysiwyg\" data-break-lines=\"h1,h2,h3\">\n\t\t\t\t\t<h4>About<\/h4>\n<h3>Securifort is among the leaders in the manufacturing of physical security equipment in Canada.<\/h3>\n<p>Since 1971, we have specialized in the design and manufacture of vaults, vault doors and accessories, safes, night depositories, custom safety deposit boxes, and lockers that meet the specific needs of our clients.<\/p>\n<p>To maintain the quality that has built our reputation, we rely on a highly skilled and experienced production team. Through our sustained efforts, we have developed high-strength alloys that make our products impervious to all attacks simulated by the major testing laboratories such as the\u00a0 Underwriters&#8217; Laboratories, Inc. (UL).<\/p>\n<p>At Securifort, our commitment to excellence and security guides every aspect of our business, from design to delivery, ensuring optimal protection of our clients&#8217; assets.<\/p>\n\n\t\t\t\t<\/div>\n\t\t\t<\/div>\n\t\t<\/div>\n\t<\/div>\n<\/section>\n\n<section id=\"block-697ba2c9f2963\" class=\"block text-grid\" data-watch>\n\t<div class=\"container\">\n\t\t<div class=\"text-grid-heading wysiwyg\" data-break-lines=\"h1,h2,h3\"><h2>Integrity. Quality. Respect.<\/h2>\n<p>At S\u00e9curifort Inc., we are firmly committed to embodying the values of integrity, quality, and respect in everything we do. These core principles are not merely words on paper; they are at the heart of our corporate culture and guide each of our decisions and actions.<\/p>\n<p>Together, these values form the foundation upon which we build our business. They inspire us to continuously improve, innovate, and adapt to the changing needs of our customers and our world. At S\u00e9curifort Inc., we don&#8217;t just uphold these values &#8211; we live them every day, ensuring sustainable growth and a positive impact on the community.<\/p>\n<\/div>\n\t\t<div class=\"text-grid-content\">\n\t\t\t<div class=\"block text-grid-item\" data-watch>\n\t<div class=\"text-grid-item-content wysiwyg\">\n\t\t<p>&nbsp;<\/p>\n<h4><\/h4>\n<h4><\/h4>\n<h4><\/h4>\n<h4><\/h4>\n<p>&nbsp;<\/p>\n\n\t<\/div>\n<\/div><div class=\"block text-grid-item\" data-watch>\n\t<div class=\"text-grid-item-content wysiwyg\">\n\t\t<p>&nbsp;<\/p>\n<h4><\/h4>\n<h4><\/h4>\n<h4><\/h4>\n<h4><\/h4>\n<p>&nbsp;<\/p>\n<p>&nbsp;<\/p>\n<p>&nbsp;<\/p>\n\n\t<\/div>\n<\/div><div class=\"block text-grid-item\" data-watch>\n\t<div class=\"text-grid-item-content wysiwyg\">\n\t\t<p>&nbsp;<\/p>\n<h4><\/h4>\n<h4><\/h4>\n<h4><\/h4>\n<h4><\/h4>\n<h4><\/h4>\n<h4><\/h4>\n<h4><\/h4>\n<p>&nbsp;<\/p>\n\n\t<\/div>\n<\/div>\n\t\t<\/div>\n\t<\/div>\n<\/section>\n\n<section id=\"block-697ba2c9f2991\" class=\"block post-recent\" data-watch>\n\t<div class=\"container\">\n\t\t<div class=\"post-recent-heading wysiwyg\"><\/div>\n\t\t<div class=\"post-recent-content\">\n\t\t\t<a class=\"block post-item\" href=https:\/\/dev.securifort.com\/en\/soulignons-356-ans-danciennete-chez-securifort-inc\/ data-watch>\n\t<div class=\"post-item-head\"><div class=\"image image--fill post-item-image\">\n\t\t\t\t<div class=\"frame\">\n\t\t\t\t\t<picture>\n\t\t\t\t\t\t<source srcset=\"https:\/\/dev.securifort.com\/app\/uploads\/2024\/11\/35-40-ANS-ANCIENNETE-scaled-480x0-c-default.webp\" type=\"image\/webp\"\/>\n\t\t\t\t\t\t<img decoding=\"async\" src=\"https:\/\/dev.securifort.com\/app\/uploads\/2024\/11\/35-40-ANS-ANCIENNETE-scaled-480x0-c-default.webp\">\n\t\t\t\t\t<\/picture>\n\t\t\t\t<\/div>\n\t\t\t<\/div><\/div>\n\t<div class=\"post-item-body\">\n\t\t<div class=\"post-item-content wysiwyg\">\n\t\t\t<div class=\"post-item-terms\"><h4>Press release<\/h4><\/div>\n\t\t\t<div class=\"post-item-title\">\n\t\t\t\t<h3>Let\u2019s celebrate 356 years of combined seniority at S\u00e9curifort Inc.!<\/h3>\n\t\t\t<\/div>\n\t\t<\/div>\n\t<\/div>\n<\/a><a class=\"block post-item\" href=https:\/\/dev.securifort.com\/en\/new-partnership\/ data-watch>\n\t<div class=\"post-item-head\"><div class=\"image image--fill post-item-image\">\n\t\t\t\t<div class=\"frame\">\n\t\t\t\t\t<picture>\n\t\t\t\t\t\t<source srcset=\"https:\/\/dev.securifort.com\/app\/uploads\/2024\/11\/1-Facebook-scaled-480x0-c-default.webp\" type=\"image\/webp\"\/>\n\t\t\t\t\t\t<img decoding=\"async\" src=\"https:\/\/dev.securifort.com\/app\/uploads\/2024\/11\/1-Facebook-scaled-480x0-c-default.webp\">\n\t\t\t\t\t<\/picture>\n\t\t\t\t<\/div>\n\t\t\t<\/div><\/div>\n\t<div class=\"post-item-body\">\n\t\t<div class=\"post-item-content wysiwyg\">\n\t\t\t<div class=\"post-item-terms\"><h4>Press release<\/h4><\/div>\n\t\t\t<div class=\"post-item-title\">\n\t\t\t\t<h3>New partnership<\/h3>\n\t\t\t<\/div>\n\t\t<\/div>\n\t<\/div>\n<\/a>\n\t\t<\/div>\n\t<\/div>\n<\/section>","protected":false},"excerpt":{"rendered":"","protected":false},"author":1,"featured_media":0,"parent":0,"menu_order":0,"comment_status":"closed","ping_status":"closed","template":"","meta":{"inline_featured_image":false},"acf":[],"yoast_head":"<!-- This site is optimized with the Yoast SEO plugin v19.10 - https:\/\/yoast.com\/wordpress\/plugins\/seo\/ -->\n<title>S\u00e9curifort - Coffres-forts, D\u00e9p\u00f4ts, Vo\u00fbtes<\/title>\n<meta name=\"description\" content=\"Avec sa vaste gamme de coffres-forts, de d\u00e9p\u00f4ts, de voutes et de dispositifs de s\u00e9curit\u00e9 sur mesure, S\u00e9curifort vous aide \u00e0 r\u00e9duire les menaces et \u00e0 pr\u00e9venir les d\u00e9sastres.\" \/>\n<meta name=\"robots\" content=\"noindex, follow, max-snippet:-1, max-image-preview:large, max-video-preview:-1\" \/>\n<meta property=\"og:locale\" content=\"en_US\" \/>\n<meta property=\"og:type\" content=\"article\" \/>\n<meta property=\"og:title\" content=\"S\u00e9curifort - Coffres-forts, D\u00e9p\u00f4ts, Vo\u00fbtes\" \/>\n<meta property=\"og:description\" content=\"Avec sa vaste gamme de coffres-forts, de d\u00e9p\u00f4ts, de voutes et de dispositifs de s\u00e9curit\u00e9 sur mesure, S\u00e9curifort vous aide \u00e0 r\u00e9duire les menaces et \u00e0 pr\u00e9venir les d\u00e9sastres.\" \/>\n<meta property=\"og:url\" content=\"https:\/\/securifort.com\/en\/\" \/>\n<meta property=\"og:site_name\" content=\"S\u00e9curifort\" \/>\n<meta property=\"article:modified_time\" content=\"2026-01-29T18:11:23+00:00\" \/>\n<meta name=\"twitter:card\" content=\"summary_large_image\" \/>\n<script type=\"application\/ld+json\" class=\"yoast-schema-graph\">{\"@context\":\"https:\/\/schema.org\",\"@graph\":[{\"@type\":\"WebPage\",\"@id\":\"https:\/\/securifort.com\/en\/\",\"url\":\"https:\/\/securifort.com\/en\/\",\"name\":\"S\u00e9curifort - Coffres-forts, D\u00e9p\u00f4ts, Vo\u00fbtes\",\"isPartOf\":{\"@id\":\"https:\/\/dev.securifort.com\/#website\"},\"datePublished\":\"2021-03-15T17:38:46+00:00\",\"dateModified\":\"2026-01-29T18:11:23+00:00\",\"description\":\"Avec sa vaste gamme de coffres-forts, de d\u00e9p\u00f4ts, de voutes et de dispositifs de s\u00e9curit\u00e9 sur mesure, S\u00e9curifort vous aide \u00e0 r\u00e9duire les menaces et \u00e0 pr\u00e9venir les d\u00e9sastres.\",\"breadcrumb\":{\"@id\":\"https:\/\/securifort.com\/en\/#breadcrumb\"},\"inLanguage\":\"en-US\",\"potentialAction\":[{\"@type\":\"ReadAction\",\"target\":[\"https:\/\/securifort.com\/en\/\"]}]},{\"@type\":\"BreadcrumbList\",\"@id\":\"https:\/\/securifort.com\/en\/#breadcrumb\",\"itemListElement\":[{\"@type\":\"ListItem\",\"position\":1,\"name\":\"Home\",\"item\":\"https:\/\/securifort.com\/en\/\"},{\"@type\":\"ListItem\",\"position\":2,\"name\":\"S\u00e9curifort\"}]},{\"@type\":\"WebSite\",\"@id\":\"https:\/\/dev.securifort.com\/#website\",\"url\":\"https:\/\/dev.securifort.com\/\",\"name\":\"S\u00e9curifort\",\"description\":\"Coffres-forts, D\u00e9p\u00f4ts, Vo\u00fbtes\",\"potentialAction\":[{\"@type\":\"SearchAction\",\"target\":{\"@type\":\"EntryPoint\",\"urlTemplate\":\"https:\/\/dev.securifort.com\/?s={search_term_string}\"},\"query-input\":\"required name=search_term_string\"}],\"inLanguage\":\"en-US\"}]}<\/script>\n<!-- \/ Yoast SEO plugin. -->","yoast_head_json":{"title":"S\u00e9curifort - Coffres-forts, D\u00e9p\u00f4ts, Vo\u00fbtes","description":"Avec sa vaste gamme de coffres-forts, de d\u00e9p\u00f4ts, de voutes et de dispositifs de s\u00e9curit\u00e9 sur mesure, S\u00e9curifort vous aide \u00e0 r\u00e9duire les menaces et \u00e0 pr\u00e9venir les d\u00e9sastres.","robots":{"index":"noindex","follow":"follow","max-snippet":"max-snippet:-1","max-image-preview":"max-image-preview:large","max-video-preview":"max-video-preview:-1"},"og_locale":"en_US","og_type":"article","og_title":"S\u00e9curifort - Coffres-forts, D\u00e9p\u00f4ts, Vo\u00fbtes","og_description":"Avec sa vaste gamme de coffres-forts, de d\u00e9p\u00f4ts, de voutes et de dispositifs de s\u00e9curit\u00e9 sur mesure, S\u00e9curifort vous aide \u00e0 r\u00e9duire les menaces et \u00e0 pr\u00e9venir les d\u00e9sastres.","og_url":"https:\/\/securifort.com\/en\/","og_site_name":"S\u00e9curifort","article_modified_time":"2026-01-29T18:11:23+00:00","twitter_card":"summary_large_image","schema":{"@context":"https:\/\/schema.org","@graph":[{"@type":"WebPage","@id":"https:\/\/securifort.com\/en\/","url":"https:\/\/securifort.com\/en\/","name":"S\u00e9curifort - Coffres-forts, D\u00e9p\u00f4ts, Vo\u00fbtes","isPartOf":{"@id":"https:\/\/dev.securifort.com\/#website"},"datePublished":"2021-03-15T17:38:46+00:00","dateModified":"2026-01-29T18:11:23+00:00","description":"Avec sa vaste gamme de coffres-forts, de d\u00e9p\u00f4ts, de voutes et de dispositifs de s\u00e9curit\u00e9 sur mesure, S\u00e9curifort vous aide \u00e0 r\u00e9duire les menaces et \u00e0 pr\u00e9venir les d\u00e9sastres.","breadcrumb":{"@id":"https:\/\/securifort.com\/en\/#breadcrumb"},"inLanguage":"en-US","potentialAction":[{"@type":"ReadAction","target":["https:\/\/securifort.com\/en\/"]}]},{"@type":"BreadcrumbList","@id":"https:\/\/securifort.com\/en\/#breadcrumb","itemListElement":[{"@type":"ListItem","position":1,"name":"Home","item":"https:\/\/securifort.com\/en\/"},{"@type":"ListItem","position":2,"name":"S\u00e9curifort"}]},{"@type":"WebSite","@id":"https:\/\/dev.securifort.com\/#website","url":"https:\/\/dev.securifort.com\/","name":"S\u00e9curifort","description":"Coffres-forts, D\u00e9p\u00f4ts, Vo\u00fbtes","potentialAction":[{"@type":"SearchAction","target":{"@type":"EntryPoint","urlTemplate":"https:\/\/dev.securifort.com\/?s={search_term_string}"},"query-input":"required name=search_term_string"}],"inLanguage":"en-US"}]}},"_links":{"self":[{"href":"https:\/\/dev.securifort.com\/en\/wp-json\/wp\/v2\/pages\/1527"}],"collection":[{"href":"https:\/\/dev.securifort.com\/en\/wp-json\/wp\/v2\/pages"}],"about":[{"href":"https:\/\/dev.securifort.com\/en\/wp-json\/wp\/v2\/types\/page"}],"author":[{"embeddable":true,"href":"https:\/\/dev.securifort.com\/en\/wp-json\/wp\/v2\/users\/1"}],"replies":[{"embeddable":true,"href":"https:\/\/dev.securifort.com\/en\/wp-json\/wp\/v2\/comments?post=1527"}],"version-history":[{"count":13,"href":"https:\/\/dev.securifort.com\/en\/wp-json\/wp\/v2\/pages\/1527\/revisions"}],"predecessor-version":[{"id":2649,"href":"https:\/\/dev.securifort.com\/en\/wp-json\/wp\/v2\/pages\/1527\/revisions\/2649"}],"wp:attachment":[{"href":"https:\/\/dev.securifort.com\/en\/wp-json\/wp\/v2\/media?parent=1527"}],"curies":[{"name":"wp","href":"https:\/\/api.w.org\/{rel}","templated":true}]}}