{"id":705,"date":"2021-03-15T13:45:52","date_gmt":"2021-03-15T13:45:52","guid":{"rendered":"https:\/\/securifort.com\/?page_id=705"},"modified":"2022-11-17T16:16:59","modified_gmt":"2022-11-17T16:16:59","slug":"liste-de-diffusion","status":"publish","type":"page","link":"https:\/\/dev.securifort.com\/en\/liste-de-diffusion\/","title":{"rendered":"Liste de diffusion"},"content":{"rendered":"","protected":false},"excerpt":{"rendered":"","protected":false},"author":1,"featured_media":0,"parent":0,"menu_order":0,"comment_status":"closed","ping_status":"closed","template":"","meta":{"inline_featured_image":false},"acf":[],"yoast_head":"<!-- This site is optimized with the Yoast SEO plugin v19.10 - https:\/\/yoast.com\/wordpress\/plugins\/seo\/ -->\n<title>Liste de diffusion - S\u00e9curifort<\/title>\n<meta name=\"robots\" content=\"noindex, follow, max-snippet:-1, max-image-preview:large, max-video-preview:-1\" \/>\n<meta property=\"og:locale\" content=\"en_US\" \/>\n<meta property=\"og:type\" content=\"article\" \/>\n<meta property=\"og:title\" content=\"Liste de diffusion - S\u00e9curifort\" \/>\n<meta property=\"og:url\" content=\"https:\/\/dev.securifort.com\/en\/liste-de-diffusion\/\" \/>\n<meta property=\"og:site_name\" content=\"S\u00e9curifort\" \/>\n<meta property=\"article:modified_time\" content=\"2022-11-17T16:16:59+00:00\" \/>\n<meta name=\"twitter:card\" content=\"summary_large_image\" \/>\n<script type=\"application\/ld+json\" class=\"yoast-schema-graph\">{\"@context\":\"https:\/\/schema.org\",\"@graph\":[{\"@type\":\"WebPage\",\"@id\":\"https:\/\/dev.securifort.com\/en\/liste-de-diffusion\/\",\"url\":\"https:\/\/dev.securifort.com\/en\/liste-de-diffusion\/\",\"name\":\"Liste de diffusion - S\u00e9curifort\",\"isPartOf\":{\"@id\":\"https:\/\/dev.securifort.com\/#website\"},\"datePublished\":\"2021-03-15T13:45:52+00:00\",\"dateModified\":\"2022-11-17T16:16:59+00:00\",\"breadcrumb\":{\"@id\":\"https:\/\/dev.securifort.com\/en\/liste-de-diffusion\/#breadcrumb\"},\"inLanguage\":\"en-US\",\"potentialAction\":[{\"@type\":\"ReadAction\",\"target\":[\"https:\/\/dev.securifort.com\/en\/liste-de-diffusion\/\"]}]},{\"@type\":\"BreadcrumbList\",\"@id\":\"https:\/\/dev.securifort.com\/en\/liste-de-diffusion\/#breadcrumb\",\"itemListElement\":[{\"@type\":\"ListItem\",\"position\":1,\"name\":\"Home\",\"item\":\"https:\/\/securifort.com\/en\/\"},{\"@type\":\"ListItem\",\"position\":2,\"name\":\"Liste de diffusion\"}]},{\"@type\":\"WebSite\",\"@id\":\"https:\/\/dev.securifort.com\/#website\",\"url\":\"https:\/\/dev.securifort.com\/\",\"name\":\"S\u00e9curifort\",\"description\":\"Coffres-forts, D\u00e9p\u00f4ts, Vo\u00fbtes\",\"potentialAction\":[{\"@type\":\"SearchAction\",\"target\":{\"@type\":\"EntryPoint\",\"urlTemplate\":\"https:\/\/dev.securifort.com\/?s={search_term_string}\"},\"query-input\":\"required name=search_term_string\"}],\"inLanguage\":\"en-US\"}]}<\/script>\n<!-- \/ Yoast SEO plugin. -->","yoast_head_json":{"title":"Liste de diffusion - S\u00e9curifort","robots":{"index":"noindex","follow":"follow","max-snippet":"max-snippet:-1","max-image-preview":"max-image-preview:large","max-video-preview":"max-video-preview:-1"},"og_locale":"en_US","og_type":"article","og_title":"Liste de diffusion - S\u00e9curifort","og_url":"https:\/\/dev.securifort.com\/en\/liste-de-diffusion\/","og_site_name":"S\u00e9curifort","article_modified_time":"2022-11-17T16:16:59+00:00","twitter_card":"summary_large_image","schema":{"@context":"https:\/\/schema.org","@graph":[{"@type":"WebPage","@id":"https:\/\/dev.securifort.com\/en\/liste-de-diffusion\/","url":"https:\/\/dev.securifort.com\/en\/liste-de-diffusion\/","name":"Liste de diffusion - S\u00e9curifort","isPartOf":{"@id":"https:\/\/dev.securifort.com\/#website"},"datePublished":"2021-03-15T13:45:52+00:00","dateModified":"2022-11-17T16:16:59+00:00","breadcrumb":{"@id":"https:\/\/dev.securifort.com\/en\/liste-de-diffusion\/#breadcrumb"},"inLanguage":"en-US","potentialAction":[{"@type":"ReadAction","target":["https:\/\/dev.securifort.com\/en\/liste-de-diffusion\/"]}]},{"@type":"BreadcrumbList","@id":"https:\/\/dev.securifort.com\/en\/liste-de-diffusion\/#breadcrumb","itemListElement":[{"@type":"ListItem","position":1,"name":"Home","item":"https:\/\/securifort.com\/en\/"},{"@type":"ListItem","position":2,"name":"Liste de diffusion"}]},{"@type":"WebSite","@id":"https:\/\/dev.securifort.com\/#website","url":"https:\/\/dev.securifort.com\/","name":"S\u00e9curifort","description":"Coffres-forts, D\u00e9p\u00f4ts, Vo\u00fbtes","potentialAction":[{"@type":"SearchAction","target":{"@type":"EntryPoint","urlTemplate":"https:\/\/dev.securifort.com\/?s={search_term_string}"},"query-input":"required name=search_term_string"}],"inLanguage":"en-US"}]}},"_links":{"self":[{"href":"https:\/\/dev.securifort.com\/en\/wp-json\/wp\/v2\/pages\/705"}],"collection":[{"href":"https:\/\/dev.securifort.com\/en\/wp-json\/wp\/v2\/pages"}],"about":[{"href":"https:\/\/dev.securifort.com\/en\/wp-json\/wp\/v2\/types\/page"}],"author":[{"embeddable":true,"href":"https:\/\/dev.securifort.com\/en\/wp-json\/wp\/v2\/users\/1"}],"replies":[{"embeddable":true,"href":"https:\/\/dev.securifort.com\/en\/wp-json\/wp\/v2\/comments?post=705"}],"version-history":[{"count":1,"href":"https:\/\/dev.securifort.com\/en\/wp-json\/wp\/v2\/pages\/705\/revisions"}],"predecessor-version":[{"id":706,"href":"https:\/\/dev.securifort.com\/en\/wp-json\/wp\/v2\/pages\/705\/revisions\/706"}],"wp:attachment":[{"href":"https:\/\/dev.securifort.com\/en\/wp-json\/wp\/v2\/media?parent=705"}],"curies":[{"name":"wp","href":"https:\/\/api.w.org\/{rel}","templated":true}]}}